{"id":2625,"date":"2022-02-26T02:48:06","date_gmt":"2022-02-26T02:48:06","guid":{"rendered":"http:\/\/ecsantaclara.pt\/lecole\/"},"modified":"2023-03-02T16:29:44","modified_gmt":"2023-03-02T16:29:44","slug":"lecole-apprendre-a-conduire","status":"publish","type":"page","link":"https:\/\/ecsantaclara.pt\/fr\/lecole-apprendre-a-conduire\/","title":{"rendered":"L&rsquo;\u00c9cole"},"content":{"rendered":"\t\t<div data-elementor-type=\"wp-page\" data-elementor-id=\"2625\" class=\"elementor elementor-2625 elementor-15\">\n\t\t\t\t\t\t<div class=\"elementor-inner\">\n\t\t\t\t<div class=\"elementor-section-wrap\">\n\t\t\t\t\t\t\t\t\t<section class=\"elementor-section elementor-top-section elementor-element elementor-element-39f1c5a elementor-section-boxed elementor-section-height-default elementor-section-height-default\" data-id=\"39f1c5a\" data-element_type=\"section\" data-settings=\"{&quot;background_background&quot;:&quot;classic&quot;}\">\n\t\t\t\t\t\t\t<div class=\"elementor-background-overlay\"><\/div>\n\t\t\t\t\t\t\t<div class=\"elementor-container elementor-column-gap-default\">\n\t\t\t\t\t\t\t<div class=\"elementor-row\">\n\t\t\t\t\t<div class=\"elementor-column elementor-col-100 elementor-top-column elementor-element elementor-element-29c9c1a\" data-id=\"29c9c1a\" data-element_type=\"column\">\n\t\t\t<div class=\"elementor-column-wrap elementor-element-populated\">\n\t\t\t\t\t\t\t<div class=\"elementor-widget-wrap\">\n\t\t\t\t\t\t<div class=\"elementor-element elementor-element-1d70e28 elementor-widget elementor-widget-spacer\" data-id=\"1d70e28\" data-element_type=\"widget\" data-widget_type=\"spacer.default\">\n\t\t\t\t<div class=\"elementor-widget-container\">\n\t\t\t\t\t<div class=\"elementor-spacer\">\n\t\t\t<div class=\"elementor-spacer-inner\"><\/div>\n\t\t<\/div>\n\t\t\t\t<\/div>\n\t\t\t\t<\/div>\n\t\t\t\t<div class=\"elementor-element elementor-element-c0afb5e elementor-widget elementor-widget-heading\" data-id=\"c0afb5e\" data-element_type=\"widget\" data-widget_type=\"heading.default\">\n\t\t\t\t<div class=\"elementor-widget-container\">\n\t\t\t<h2 class=\"elementor-heading-title elementor-size-default\">L'\u00c9COLE<\/h2>\t\t<\/div>\n\t\t\t\t<\/div>\n\t\t\t\t<div class=\"elementor-element elementor-element-1b7482c bannerBread elementor-widget elementor-widget-shortcode\" data-id=\"1b7482c\" data-element_type=\"widget\" data-widget_type=\"shortcode.default\">\n\t\t\t\t<div class=\"elementor-widget-container\">\n\t\t\t\t<ul class=\"bread-crumb clearfix\">\n        <li class=\"breadcrumb-item firstBread\">\n\t\t\t<a href=\"https:\/\/ecsantaclara.pt\/fr\/\">Home<\/a>\n\t\t<\/li>\n\t\t<li class=\"breadcrumb-item middleBread\">\n\t\t\t<i aria-hidden=\"true\" class=\"fas fa-grip-lines-vertical\"><\/i>\n\t\t<\/li>\n\t\t\t\t\t<li class=\"breadcrumb-item\">L&rsquo;\u00c9cole<\/li>\n\t\t            \n\t<\/ul>\n\t\t\t<div class=\"elementor-shortcode\"><\/div>\n\t\t\t\t<\/div>\n\t\t\t\t<\/div>\n\t\t\t\t\t\t<\/div>\n\t\t\t\t\t<\/div>\n\t\t<\/div>\n\t\t\t\t\t\t\t\t<\/div>\n\t\t\t\t\t<\/div>\n\t\t<\/section>\n\t\t\t\t<section class=\"elementor-section elementor-top-section elementor-element elementor-element-d17b518 elementor-section-content-middle elementor-section-boxed elementor-section-height-default elementor-section-height-default\" data-id=\"d17b518\" data-element_type=\"section\" data-settings=\"{&quot;background_background&quot;:&quot;classic&quot;}\">\n\t\t\t\t\t\t\t<div class=\"elementor-background-overlay\"><\/div>\n\t\t\t\t\t\t\t<div class=\"elementor-container elementor-column-gap-default\">\n\t\t\t\t\t\t\t<div class=\"elementor-row\">\n\t\t\t\t\t<div class=\"elementor-column elementor-col-100 elementor-top-column elementor-element elementor-element-22527a9\" data-id=\"22527a9\" data-element_type=\"column\">\n\t\t\t<div class=\"elementor-column-wrap elementor-element-populated\">\n\t\t\t\t\t\t\t<div class=\"elementor-widget-wrap\">\n\t\t\t\t\t\t<div class=\"elementor-element elementor-element-8ea9f0f elementor-widget elementor-widget-text-editor\" data-id=\"8ea9f0f\" data-element_type=\"widget\" data-widget_type=\"text-editor.default\">\n\t\t\t\t<div class=\"elementor-widget-container\">\n\t\t\t\t\t\t\t\t<div class=\"elementor-text-editor elementor-clearfix\">\n\t\t\t\tQui Nous Sommes\t\t\t\t\t<\/div>\n\t\t\t\t\t\t<\/div>\n\t\t\t\t<\/div>\n\t\t\t\t<div class=\"elementor-element elementor-element-48ac19c elementor-widget elementor-widget-heading\" data-id=\"48ac19c\" data-element_type=\"widget\" data-widget_type=\"heading.default\">\n\t\t\t\t<div class=\"elementor-widget-container\">\n\t\t\t<h2 class=\"elementor-heading-title elementor-size-default\">L'\u00c9cole<\/h2>\t\t<\/div>\n\t\t\t\t<\/div>\n\t\t\t\t<div class=\"elementor-element elementor-element-e352264 elementor-widget-divider--view-line elementor-widget elementor-widget-divider\" data-id=\"e352264\" data-element_type=\"widget\" data-widget_type=\"divider.default\">\n\t\t\t\t<div class=\"elementor-widget-container\">\n\t\t\t\t\t<div class=\"elementor-divider\">\n\t\t\t<span class=\"elementor-divider-separator\">\n\t\t\t\t\t\t<\/span>\n\t\t<\/div>\n\t\t\t\t<\/div>\n\t\t\t\t<\/div>\n\t\t\t\t<div class=\"elementor-element elementor-element-ca0ae83 elementor-aspect-ratio-169 elementor-widget elementor-widget-video\" data-id=\"ca0ae83\" data-element_type=\"widget\" data-settings=\"{&quot;youtube_url&quot;:&quot;https:\\\/\\\/www.youtube.com\\\/watch?v=CGquM1AeWlU&quot;,&quot;autoplay&quot;:&quot;yes&quot;,&quot;mute&quot;:&quot;yes&quot;,&quot;video_type&quot;:&quot;youtube&quot;,&quot;controls&quot;:&quot;yes&quot;,&quot;aspect_ratio&quot;:&quot;169&quot;}\" data-widget_type=\"video.default\">\n\t\t\t\t<div class=\"elementor-widget-container\">\n\t\t\t\t\t<div class=\"elementor-wrapper elementor-fit-aspect-ratio elementor-open-inline\">\n\t\t\t<div class=\"elementor-video\"><\/div>\t\t<\/div>\n\t\t\t\t<\/div>\n\t\t\t\t<\/div>\n\t\t\t\t<div class=\"elementor-element elementor-element-9fbad66 elementor-widget elementor-widget-text-editor\" data-id=\"9fbad66\" data-element_type=\"widget\" data-widget_type=\"text-editor.default\">\n\t\t\t\t<div class=\"elementor-widget-container\">\n\t\t\t\t\t\t\t\t<div class=\"elementor-text-editor elementor-clearfix\">\n\t\t\t\t<p style=\"text-align: left;\">Nous sommes une \u00e9cole d\u2019environnement familial qui forme des conducteurs de diff\u00e9rentes cat\u00e9gories depuis 1991, \u00e0 Ponta Delgada bas\u00e9 \u00e0 Santa Clara, \u00e0 savoir les motocycles (cat\u00e9gorie A), les l\u00e9gers (cat\u00e9gorie B), les poids lourds\/camions (cat\u00e9gorie C) et les poids lourds passagers\/autobus (Cat\u00e9gorie D).\u00a0<\/p><p style=\"text-align: left;\">Plus concr\u00e8tement, dans cette derni\u00e8re cat\u00e9gorie, notre \u00e9cole a \u00e9t\u00e9 la premi\u00e8re des A\u00e7ores \u00e0 former ces conducteurs. Depuis l\u2019ouverture de l\u2019\u00e9cole, nous excellons dans le go\u00fbt d\u2019instruire de mani\u00e8re responsable et efficace, en cr\u00e9ant des conducteurs s\u00fbrs, conscients et pr\u00e9par\u00e9s. Notre \u00e9cole favorise un environnement de confiance et de complicit\u00e9 entre les instructeurs et les \u00e9tudiants, o\u00f9 nous sommes reconnaissants d\u2019enseigner et de poser des questions.\u00a0<\/p><p style=\"text-align: left;\">En particulier, notre offre de formation comprend des cours th\u00e9oriques illimit\u00e9s, des s\u00e9ances de clarification de la th\u00e9orie chaque semaine que nous appelons \u00ab\u00a0Simulation d\u2019examen\u00a0\u00bb, o\u00f9 nous \u00e9tudions ensemble la pr\u00e9paration de l\u2019\u00e9tudiant \u00e0 l\u2019examen de code, Cours de m\u00e9canique ou l\u2019examen de 10 questions de moto, donnant ainsi un service personnalis\u00e9 et centr\u00e9 sur les besoins des stagiaires.\u00a0<\/p><p style=\"text-align: left;\">Dans les le\u00e7ons pratiques, nous donnons des le\u00e7ons d\u2019une dur\u00e9e minimale de 1 heure pour que l\u2019\u00e9l\u00e8ve ait le temps de\u00a0: assimiler la mati\u00e8re donn\u00e9e; conna\u00eetre le v\u00e9hicule; ainsi que parcourir de longs parcours; s\u2019adapter \u00e0 l\u2019impr\u00e9visibilit\u00e9 de la route; savoir utiliser le moyen de transport sur diff\u00e9rents types de voies, c\u2019est-\u00e0-dire des chemins \u00e9troits et larges; circulation en rang\u00e9es parall\u00e8les; tout type de ronds-points; se familiariser avec la profusion de la signalisation verticale et horizontale, avec les voies rapides et leur m\u00e9thodologie pour les voies d\u2019acc\u00e9l\u00e9ration et de ralentissement; apprendre les man\u0153uvres.\u00a0<\/p><p style=\"text-align: left;\">En outre, nous formons de futurs conducteurs civiques et responsables afin de toujours promouvoir la conduite d\u00e9fensive.<\/p>\t\t\t\t\t<\/div>\n\t\t\t\t\t\t<\/div>\n\t\t\t\t<\/div>\n\t\t\t\t\t\t<\/div>\n\t\t\t\t\t<\/div>\n\t\t<\/div>\n\t\t\t\t\t\t\t\t<\/div>\n\t\t\t\t\t<\/div>\n\t\t<\/section>\n\t\t\t\t<section class=\"elementor-section elementor-top-section elementor-element elementor-element-35c4047 elementor-section-full_width elementor-section-height-default elementor-section-height-default\" data-id=\"35c4047\" data-element_type=\"section\">\n\t\t\t\t\t\t<div class=\"elementor-container elementor-column-gap-no\">\n\t\t\t\t\t\t\t<div class=\"elementor-row\">\n\t\t\t\t\t<div class=\"elementor-column elementor-col-100 elementor-top-column elementor-element elementor-element-e4e4d15\" data-id=\"e4e4d15\" data-element_type=\"column\">\n\t\t\t<div class=\"elementor-column-wrap elementor-element-populated\">\n\t\t\t\t\t\t\t<div class=\"elementor-widget-wrap\">\n\t\t\t\t\t\t<div class=\"elementor-element elementor-element-0bc889c elementor-widget elementor-widget-gallery\" data-id=\"0bc889c\" data-element_type=\"widget\" data-settings=\"{&quot;gap&quot;:{&quot;unit&quot;:&quot;px&quot;,&quot;size&quot;:1,&quot;sizes&quot;:[]},&quot;lazyload&quot;:&quot;yes&quot;,&quot;gallery_layout&quot;:&quot;grid&quot;,&quot;columns&quot;:4,&quot;columns_tablet&quot;:2,&quot;columns_mobile&quot;:1,&quot;gap_tablet&quot;:{&quot;unit&quot;:&quot;px&quot;,&quot;size&quot;:10,&quot;sizes&quot;:[]},&quot;gap_mobile&quot;:{&quot;unit&quot;:&quot;px&quot;,&quot;size&quot;:10,&quot;sizes&quot;:[]},&quot;link_to&quot;:&quot;file&quot;,&quot;aspect_ratio&quot;:&quot;3:2&quot;,&quot;overlay_background&quot;:&quot;yes&quot;,&quot;content_hover_animation&quot;:&quot;fade-in&quot;}\" data-widget_type=\"gallery.default\">\n\t\t\t\t<div class=\"elementor-widget-container\">\n\t\t\t\t\t<div class=\"elementor-gallery__container\">\n\t\t\t\t\t\t\t<a class=\"e-gallery-item elementor-gallery-item elementor-animated-content\" href=\"https:\/\/ecsantaclara.pt\/wp-content\/uploads\/2022\/10\/DSC05828-Edit-Edit-3-scaled.jpg\" data-elementor-open-lightbox=\"yes\" data-elementor-lightbox-slideshow=\"all-0bc889c\" data-elementor-lightbox-title=\"DSC05828-Edit-Edit\" e-action-hash=\"#elementor-action%3Aaction%3Dlightbox%26settings%3DeyJpZCI6MzI2NSwidXJsIjoiaHR0cHM6XC9cL2Vjc2FudGFjbGFyYS5wdFwvd3AtY29udGVudFwvdXBsb2Fkc1wvMjAyMlwvMTBcL0RTQzA1ODI4LUVkaXQtRWRpdC0zLXNjYWxlZC5qcGciLCJzbGlkZXNob3ciOiJhbGwtMGJjODg5YyJ9\">\n\t\t\t\t\t<div class=\"e-gallery-image elementor-gallery-item__image\" data-thumbnail=\"https:\/\/ecsantaclara.pt\/wp-content\/uploads\/2022\/10\/DSC05828-Edit-Edit-3-1024x683.jpg\" data-width=\"750\" data-height=\"500\" alt=\"\" ><\/div>\n\t\t\t\t\t\t\t\t\t\t\t<div class=\"elementor-gallery-item__overlay\"><\/div>\n\t\t\t\t\t\t\t\t\t\t\t\t\t\t<\/a>\n\t\t\t\t\t\t\t<a class=\"e-gallery-item elementor-gallery-item elementor-animated-content\" href=\"https:\/\/ecsantaclara.pt\/wp-content\/uploads\/2022\/10\/A7I09765-Edit-3-scaled.jpg\" data-elementor-open-lightbox=\"yes\" data-elementor-lightbox-slideshow=\"all-0bc889c\" data-elementor-lightbox-title=\"A7I09765-Edit\" e-action-hash=\"#elementor-action%3Aaction%3Dlightbox%26settings%3DeyJpZCI6MzI2OSwidXJsIjoiaHR0cHM6XC9cL2Vjc2FudGFjbGFyYS5wdFwvd3AtY29udGVudFwvdXBsb2Fkc1wvMjAyMlwvMTBcL0E3STA5NzY1LUVkaXQtMy1zY2FsZWQuanBnIiwic2xpZGVzaG93IjoiYWxsLTBiYzg4OWMifQ%3D%3D\">\n\t\t\t\t\t<div class=\"e-gallery-image elementor-gallery-item__image\" data-thumbnail=\"https:\/\/ecsantaclara.pt\/wp-content\/uploads\/2022\/10\/A7I09765-Edit-3-1024x683.jpg\" data-width=\"750\" data-height=\"500\" alt=\"\" ><\/div>\n\t\t\t\t\t\t\t\t\t\t\t<div class=\"elementor-gallery-item__overlay\"><\/div>\n\t\t\t\t\t\t\t\t\t\t\t\t\t\t<\/a>\n\t\t\t\t\t\t\t<a class=\"e-gallery-item elementor-gallery-item elementor-animated-content\" href=\"https:\/\/ecsantaclara.pt\/wp-content\/uploads\/2022\/10\/A7I04198-18-3-scaled.jpg\" data-elementor-open-lightbox=\"yes\" data-elementor-lightbox-slideshow=\"all-0bc889c\" data-elementor-lightbox-title=\"A7I04198-18\" e-action-hash=\"#elementor-action%3Aaction%3Dlightbox%26settings%3DeyJpZCI6MzI3MywidXJsIjoiaHR0cHM6XC9cL2Vjc2FudGFjbGFyYS5wdFwvd3AtY29udGVudFwvdXBsb2Fkc1wvMjAyMlwvMTBcL0E3STA0MTk4LTE4LTMtc2NhbGVkLmpwZyIsInNsaWRlc2hvdyI6ImFsbC0wYmM4ODljIn0%3D\">\n\t\t\t\t\t<div class=\"e-gallery-image elementor-gallery-item__image\" data-thumbnail=\"https:\/\/ecsantaclara.pt\/wp-content\/uploads\/2022\/10\/A7I04198-18-3-1024x683.jpg\" data-width=\"750\" data-height=\"500\" alt=\"\" ><\/div>\n\t\t\t\t\t\t\t\t\t\t\t<div class=\"elementor-gallery-item__overlay\"><\/div>\n\t\t\t\t\t\t\t\t\t\t\t\t\t\t<\/a>\n\t\t\t\t\t\t\t<a class=\"e-gallery-item elementor-gallery-item elementor-animated-content\" href=\"https:\/\/ecsantaclara.pt\/wp-content\/uploads\/2022\/10\/DSC07770-2-scaled.jpg\" data-elementor-open-lightbox=\"yes\" data-elementor-lightbox-slideshow=\"all-0bc889c\" data-elementor-lightbox-title=\"DSC07770\" e-action-hash=\"#elementor-action%3Aaction%3Dlightbox%26settings%3DeyJpZCI6MzI3OCwidXJsIjoiaHR0cHM6XC9cL2Vjc2FudGFjbGFyYS5wdFwvd3AtY29udGVudFwvdXBsb2Fkc1wvMjAyMlwvMTBcL0RTQzA3NzcwLTItc2NhbGVkLmpwZyIsInNsaWRlc2hvdyI6ImFsbC0wYmM4ODljIn0%3D\">\n\t\t\t\t\t<div class=\"e-gallery-image elementor-gallery-item__image\" data-thumbnail=\"https:\/\/ecsantaclara.pt\/wp-content\/uploads\/2022\/10\/DSC07770-2-1024x683.jpg\" data-width=\"750\" data-height=\"500\" alt=\"\" ><\/div>\n\t\t\t\t\t\t\t\t\t\t\t<div class=\"elementor-gallery-item__overlay\"><\/div>\n\t\t\t\t\t\t\t\t\t\t\t\t\t\t<\/a>\n\t\t\t\t\t<\/div>\n\t\t\t<\/div>\n\t\t\t\t<\/div>\n\t\t\t\t\t\t<\/div>\n\t\t\t\t\t<\/div>\n\t\t<\/div>\n\t\t\t\t\t\t\t\t<\/div>\n\t\t\t\t\t<\/div>\n\t\t<\/section>\n\t\t\t\t\t\t\t\t\t<\/div>\n\t\t\t<\/div>\n\t\t\t\t\t<\/div>\n\t\t","protected":false},"excerpt":{"rendered":"<p>L&rsquo;\u00c9COLE Qui Nous Sommes L&rsquo;\u00c9cole https:\/\/www.youtube.com\/watch?v=CGquM1AeWlU Nous sommes une \u00e9cole d\u2019environnement familial qui forme des conducteurs de diff\u00e9rentes cat\u00e9gories depuis 1991, \u00e0 Ponta Delgada bas\u00e9 \u00e0 Santa Clara, \u00e0 savoir les motocycles (cat\u00e9gorie A), les l\u00e9gers (cat\u00e9gorie B), les poids lourds\/camions (cat\u00e9gorie C) et les poids lourds passagers\/autobus (Cat\u00e9gorie D).\u00a0 Plus concr\u00e8tement, dans cette derni\u00e8re&hellip; <a class=\"more-link\" href=\"https:\/\/ecsantaclara.pt\/fr\/lecole-apprendre-a-conduire\/\">Poursuivre la lecture <span class=\"screen-reader-text\">L&rsquo;\u00c9cole<\/span><\/a><\/p>\n","protected":false},"author":1,"featured_media":3331,"parent":0,"menu_order":0,"comment_status":"closed","ping_status":"closed","template":"","meta":{"_themeisle_gutenberg_block_has_review":false},"acf":[],"yoast_head":"<!-- This site is optimized with the Yoast SEO plugin v19.3 - https:\/\/yoast.com\/wordpress\/plugins\/seo\/ -->\n<title>Apprendre a Conduire avec Escola de Condu\u00e7\u00e3o Santa Clara!<\/title>\n<meta name=\"description\" content=\"Apprendre \u00e0 conduire est facile quand vous avez le soutien dont vous avez besoin! Nous sommes l\u2019une des \u00e9coles de conduite aux A\u00e7ores.\" \/>\n<meta name=\"robots\" content=\"index, follow, max-snippet:-1, max-image-preview:large, max-video-preview:-1\" \/>\n<link rel=\"canonical\" href=\"https:\/\/ecsantaclara.pt\/a-escola-tirar-a-carta-de-conducao\/\" \/>\n<meta property=\"og:locale\" content=\"fr_FR\" \/>\n<meta property=\"og:type\" content=\"article\" \/>\n<meta property=\"og:title\" content=\"Apprendre a Conduire avec Escola de Condu\u00e7\u00e3o Santa Clara!\" \/>\n<meta property=\"og:description\" content=\"Apprendre \u00e0 conduire est facile quand vous avez le soutien dont vous avez besoin! Nous sommes l\u2019une des \u00e9coles de conduite aux A\u00e7ores.\" \/>\n<meta property=\"og:url\" content=\"https:\/\/ecsantaclara.pt\/a-escola-tirar-a-carta-de-conducao\/\" \/>\n<meta property=\"og:site_name\" content=\"Escola de Condu\u00e7\u00e3o Santa Clara\" \/>\n<meta property=\"article:modified_time\" content=\"2023-03-02T16:29:44+00:00\" \/>\n<meta property=\"og:image\" content=\"https:\/\/ecsantaclara.pt\/wp-content\/uploads\/2022\/10\/DSC05708-scaled.jpg\" \/>\n\t<meta property=\"og:image:width\" content=\"2560\" \/>\n\t<meta property=\"og:image:height\" content=\"1706\" \/>\n\t<meta property=\"og:image:type\" content=\"image\/jpeg\" \/>\n<meta name=\"twitter:card\" content=\"summary_large_image\" \/>\n<meta name=\"twitter:label1\" content=\"Dur\u00e9e de lecture estim\u00e9e\" \/>\n\t<meta name=\"twitter:data1\" content=\"2 minutes\" \/>\n<script type=\"application\/ld+json\" class=\"yoast-schema-graph\">{\"@context\":\"https:\/\/schema.org\",\"@graph\":[{\"@type\":\"Organization\",\"@id\":\"https:\/\/ecsantaclara.pt\/#organization\",\"name\":\"Escola de Condu\u00e7\u00e3o Santa Clara\",\"url\":\"https:\/\/ecsantaclara.pt\/\",\"sameAs\":[],\"logo\":{\"@type\":\"ImageObject\",\"inLanguage\":\"fr-FR\",\"@id\":\"https:\/\/ecsantaclara.pt\/#\/schema\/logo\/image\/\",\"url\":\"https:\/\/ecsantaclara.pt\/wp-content\/uploads\/2022\/02\/cropped-logo-santa-clara.png\",\"contentUrl\":\"https:\/\/ecsantaclara.pt\/wp-content\/uploads\/2022\/02\/cropped-logo-santa-clara.png\",\"width\":793,\"height\":417,\"caption\":\"Escola de Condu\u00e7\u00e3o Santa Clara\"},\"image\":{\"@id\":\"https:\/\/ecsantaclara.pt\/#\/schema\/logo\/image\/\"}},{\"@type\":\"WebSite\",\"@id\":\"https:\/\/ecsantaclara.pt\/#website\",\"url\":\"https:\/\/ecsantaclara.pt\/\",\"name\":\"Escola de Condu\u00e7\u00e3o Santa Clara\",\"description\":\"\",\"publisher\":{\"@id\":\"https:\/\/ecsantaclara.pt\/#organization\"},\"potentialAction\":[{\"@type\":\"SearchAction\",\"target\":{\"@type\":\"EntryPoint\",\"urlTemplate\":\"https:\/\/ecsantaclara.pt\/?s={search_term_string}\"},\"query-input\":\"required name=search_term_string\"}],\"inLanguage\":\"fr-FR\"},{\"@type\":\"ImageObject\",\"inLanguage\":\"fr-FR\",\"@id\":\"https:\/\/ecsantaclara.pt\/a-escola-tirar-a-carta-de-conducao\/#primaryimage\",\"url\":\"https:\/\/ecsantaclara.pt\/wp-content\/uploads\/2022\/10\/DSC05708-scaled.jpg\",\"contentUrl\":\"https:\/\/ecsantaclara.pt\/wp-content\/uploads\/2022\/10\/DSC05708-scaled.jpg\",\"width\":2560,\"height\":1706},{\"@type\":\"WebPage\",\"@id\":\"https:\/\/ecsantaclara.pt\/a-escola-tirar-a-carta-de-conducao\/\",\"url\":\"https:\/\/ecsantaclara.pt\/a-escola-tirar-a-carta-de-conducao\/\",\"name\":\"Apprendre a Conduire avec Escola de Condu\u00e7\u00e3o Santa Clara!\",\"isPartOf\":{\"@id\":\"https:\/\/ecsantaclara.pt\/#website\"},\"primaryImageOfPage\":{\"@id\":\"https:\/\/ecsantaclara.pt\/a-escola-tirar-a-carta-de-conducao\/#primaryimage\"},\"datePublished\":\"2022-02-26T02:48:06+00:00\",\"dateModified\":\"2023-03-02T16:29:44+00:00\",\"description\":\"Apprendre \u00e0 conduire est facile quand vous avez le soutien dont vous avez besoin! Nous sommes l\u2019une des \u00e9coles de conduite aux A\u00e7ores.\",\"breadcrumb\":{\"@id\":\"https:\/\/ecsantaclara.pt\/a-escola-tirar-a-carta-de-conducao\/#breadcrumb\"},\"inLanguage\":\"fr-FR\",\"potentialAction\":[{\"@type\":\"ReadAction\",\"target\":[\"https:\/\/ecsantaclara.pt\/a-escola-tirar-a-carta-de-conducao\/\"]}]},{\"@type\":\"BreadcrumbList\",\"@id\":\"https:\/\/ecsantaclara.pt\/a-escola-tirar-a-carta-de-conducao\/#breadcrumb\",\"itemListElement\":[{\"@type\":\"ListItem\",\"position\":1,\"name\":\"In\u00edcio\",\"item\":\"https:\/\/ecsantaclara.pt\/fr\/\"},{\"@type\":\"ListItem\",\"position\":2,\"name\":\"L&#8217;\u00c9cole\"}]}]}<\/script>\n<!-- \/ Yoast SEO plugin. -->","yoast_head_json":{"title":"Apprendre a Conduire avec Escola de Condu\u00e7\u00e3o Santa Clara!","description":"Apprendre \u00e0 conduire est facile quand vous avez le soutien dont vous avez besoin! Nous sommes l\u2019une des \u00e9coles de conduite aux A\u00e7ores.","robots":{"index":"index","follow":"follow","max-snippet":"max-snippet:-1","max-image-preview":"max-image-preview:large","max-video-preview":"max-video-preview:-1"},"canonical":"https:\/\/ecsantaclara.pt\/a-escola-tirar-a-carta-de-conducao\/","og_locale":"fr_FR","og_type":"article","og_title":"Apprendre a Conduire avec Escola de Condu\u00e7\u00e3o Santa Clara!","og_description":"Apprendre \u00e0 conduire est facile quand vous avez le soutien dont vous avez besoin! Nous sommes l\u2019une des \u00e9coles de conduite aux A\u00e7ores.","og_url":"https:\/\/ecsantaclara.pt\/a-escola-tirar-a-carta-de-conducao\/","og_site_name":"Escola de Condu\u00e7\u00e3o Santa Clara","article_modified_time":"2023-03-02T16:29:44+00:00","og_image":[{"width":2560,"height":1706,"url":"https:\/\/ecsantaclara.pt\/wp-content\/uploads\/2022\/10\/DSC05708-scaled.jpg","type":"image\/jpeg"}],"twitter_card":"summary_large_image","twitter_misc":{"Dur\u00e9e de lecture estim\u00e9e":"2 minutes"},"schema":{"@context":"https:\/\/schema.org","@graph":[{"@type":"Organization","@id":"https:\/\/ecsantaclara.pt\/#organization","name":"Escola de Condu\u00e7\u00e3o Santa Clara","url":"https:\/\/ecsantaclara.pt\/","sameAs":[],"logo":{"@type":"ImageObject","inLanguage":"fr-FR","@id":"https:\/\/ecsantaclara.pt\/#\/schema\/logo\/image\/","url":"https:\/\/ecsantaclara.pt\/wp-content\/uploads\/2022\/02\/cropped-logo-santa-clara.png","contentUrl":"https:\/\/ecsantaclara.pt\/wp-content\/uploads\/2022\/02\/cropped-logo-santa-clara.png","width":793,"height":417,"caption":"Escola de Condu\u00e7\u00e3o Santa Clara"},"image":{"@id":"https:\/\/ecsantaclara.pt\/#\/schema\/logo\/image\/"}},{"@type":"WebSite","@id":"https:\/\/ecsantaclara.pt\/#website","url":"https:\/\/ecsantaclara.pt\/","name":"Escola de Condu\u00e7\u00e3o Santa Clara","description":"","publisher":{"@id":"https:\/\/ecsantaclara.pt\/#organization"},"potentialAction":[{"@type":"SearchAction","target":{"@type":"EntryPoint","urlTemplate":"https:\/\/ecsantaclara.pt\/?s={search_term_string}"},"query-input":"required name=search_term_string"}],"inLanguage":"fr-FR"},{"@type":"ImageObject","inLanguage":"fr-FR","@id":"https:\/\/ecsantaclara.pt\/a-escola-tirar-a-carta-de-conducao\/#primaryimage","url":"https:\/\/ecsantaclara.pt\/wp-content\/uploads\/2022\/10\/DSC05708-scaled.jpg","contentUrl":"https:\/\/ecsantaclara.pt\/wp-content\/uploads\/2022\/10\/DSC05708-scaled.jpg","width":2560,"height":1706},{"@type":"WebPage","@id":"https:\/\/ecsantaclara.pt\/a-escola-tirar-a-carta-de-conducao\/","url":"https:\/\/ecsantaclara.pt\/a-escola-tirar-a-carta-de-conducao\/","name":"Apprendre a Conduire avec Escola de Condu\u00e7\u00e3o Santa Clara!","isPartOf":{"@id":"https:\/\/ecsantaclara.pt\/#website"},"primaryImageOfPage":{"@id":"https:\/\/ecsantaclara.pt\/a-escola-tirar-a-carta-de-conducao\/#primaryimage"},"datePublished":"2022-02-26T02:48:06+00:00","dateModified":"2023-03-02T16:29:44+00:00","description":"Apprendre \u00e0 conduire est facile quand vous avez le soutien dont vous avez besoin! Nous sommes l\u2019une des \u00e9coles de conduite aux A\u00e7ores.","breadcrumb":{"@id":"https:\/\/ecsantaclara.pt\/a-escola-tirar-a-carta-de-conducao\/#breadcrumb"},"inLanguage":"fr-FR","potentialAction":[{"@type":"ReadAction","target":["https:\/\/ecsantaclara.pt\/a-escola-tirar-a-carta-de-conducao\/"]}]},{"@type":"BreadcrumbList","@id":"https:\/\/ecsantaclara.pt\/a-escola-tirar-a-carta-de-conducao\/#breadcrumb","itemListElement":[{"@type":"ListItem","position":1,"name":"In\u00edcio","item":"https:\/\/ecsantaclara.pt\/fr\/"},{"@type":"ListItem","position":2,"name":"L&#8217;\u00c9cole"}]}]}},"_links":{"self":[{"href":"https:\/\/ecsantaclara.pt\/fr\/wp-json\/wp\/v2\/pages\/2625"}],"collection":[{"href":"https:\/\/ecsantaclara.pt\/fr\/wp-json\/wp\/v2\/pages"}],"about":[{"href":"https:\/\/ecsantaclara.pt\/fr\/wp-json\/wp\/v2\/types\/page"}],"author":[{"embeddable":true,"href":"https:\/\/ecsantaclara.pt\/fr\/wp-json\/wp\/v2\/users\/1"}],"replies":[{"embeddable":true,"href":"https:\/\/ecsantaclara.pt\/fr\/wp-json\/wp\/v2\/comments?post=2625"}],"version-history":[{"count":30,"href":"https:\/\/ecsantaclara.pt\/fr\/wp-json\/wp\/v2\/pages\/2625\/revisions"}],"predecessor-version":[{"id":4586,"href":"https:\/\/ecsantaclara.pt\/fr\/wp-json\/wp\/v2\/pages\/2625\/revisions\/4586"}],"wp:featuredmedia":[{"embeddable":true,"href":"https:\/\/ecsantaclara.pt\/fr\/wp-json\/wp\/v2\/media\/3331"}],"wp:attachment":[{"href":"https:\/\/ecsantaclara.pt\/fr\/wp-json\/wp\/v2\/media?parent=2625"}],"curies":[{"name":"wp","href":"https:\/\/api.w.org\/{rel}","templated":true}]}}